{"id":2115,"date":"2019-11-26T19:42:05","date_gmt":"2019-11-26T19:42:05","guid":{"rendered":"http:\/\/www.maalderij-degoudenengel.nl\/?post_type=product&#038;p=2115"},"modified":"2024-04-16T12:14:35","modified_gmt":"2024-04-16T12:14:35","slug":"eko-cakemix","status":"publish","type":"product","link":"https:\/\/www.maalderij-degoudenengel.nl\/?product=eko-cakemix","title":{"rendered":"EKO-Cakemix 500 g"},"content":{"rendered":"<p><u>Ingredi\u00ebnten:<\/u>\u00a0tarwebloem*\u00a0<strong>[gluten]<\/strong>, rietsuiker*, roggebloem*\u00a0<strong>[gluten]<\/strong>, bakpoeder* (maiszetmeel,E334,E500) zout, vanille*.<\/p>\n<p>* van biologische oorsprong.<\/p>\n<p><u>Gemiddelde voedingswaarden per 100 g:<\/u><br \/>\n<strong>Energiewaarde<\/strong> 363 Kcal\/1506 KJ<br \/>\n<strong>Eiwitten<\/strong> 6 g<br \/>\n<strong>Koolhydraten<\/strong> 43,5 g w.v. suikers 0,8 g<br \/>\n<strong>Vetten<\/strong> 0,8 g w.v. verzadigd 0,1 g<br \/>\n<strong>Vezels<\/strong> 1,4 g<br \/>\n<strong>Zout<\/strong>\u00a00,4 g<\/p>\n<p>&nbsp;<\/p>\n<p><strong>Recept voor een heerlijke cake<br \/>\n<\/strong>Klop 200 g roomboter zacht en voeg 3 eieren \u00e9\u00e9n voor \u00e9\u00e9n toe.<br \/>\nVoeg de cakemeelmix toe en eventueel een paar eetlepels melk of yoghurt en 1 theelepel citroenrasp en klop het beslag glad.<br \/>\nIn cakevorm gaar en goudbruin afbakken op 160 \u00b0C in 1 uur.<\/p>\n<p><strong>Smullen maar!!<\/strong><\/p>\n","protected":false},"excerpt":{"rendered":"<p><strong>EKO-Cakemix<br \/>\n<\/strong>Voor een volle smaak, met echte vanille.<\/p>\n","protected":false},"featured_media":2116,"template":"","meta":{"_acf_changed":false},"product_brand":[],"product_cat":[66,80],"product_tag":[],"class_list":{"0":"post-2115","1":"product","2":"type-product","3":"status-publish","4":"has-post-thumbnail","6":"product_cat-banketbakmixen","7":"product_cat-eko-cakemix","9":"first","10":"instock","11":"taxable","12":"shipping-taxable","13":"purchasable","14":"product-type-simple"},"acf":[],"_links":{"self":[{"href":"https:\/\/www.maalderij-degoudenengel.nl\/index.php?rest_route=\/wp\/v2\/product\/2115","targetHints":{"allow":["GET"]}}],"collection":[{"href":"https:\/\/www.maalderij-degoudenengel.nl\/index.php?rest_route=\/wp\/v2\/product"}],"about":[{"href":"https:\/\/www.maalderij-degoudenengel.nl\/index.php?rest_route=\/wp\/v2\/types\/product"}],"wp:featuredmedia":[{"embeddable":true,"href":"https:\/\/www.maalderij-degoudenengel.nl\/index.php?rest_route=\/wp\/v2\/media\/2116"}],"wp:attachment":[{"href":"https:\/\/www.maalderij-degoudenengel.nl\/index.php?rest_route=%2Fwp%2Fv2%2Fmedia&parent=2115"}],"wp:term":[{"taxonomy":"product_brand","embeddable":true,"href":"https:\/\/www.maalderij-degoudenengel.nl\/index.php?rest_route=%2Fwp%2Fv2%2Fproduct_brand&post=2115"},{"taxonomy":"product_cat","embeddable":true,"href":"https:\/\/www.maalderij-degoudenengel.nl\/index.php?rest_route=%2Fwp%2Fv2%2Fproduct_cat&post=2115"},{"taxonomy":"product_tag","embeddable":true,"href":"https:\/\/www.maalderij-degoudenengel.nl\/index.php?rest_route=%2Fwp%2Fv2%2Fproduct_tag&post=2115"}],"curies":[{"name":"wp","href":"https:\/\/api.w.org\/{rel}","templated":true}]}}